{"id":726,"date":"2024-12-27T20:23:16","date_gmt":"2024-12-27T19:23:16","guid":{"rendered":"https:\/\/dog-college-mallorca.com\/?page_id=726"},"modified":"2024-12-28T14:01:13","modified_gmt":"2024-12-28T13:01:13","slug":"avisolegal","status":"publish","type":"page","link":"https:\/\/dog-college-mallorca.com\/en\/avisolegal\/","title":{"rendered":"avisolegal"},"content":{"rendered":"<div data-colibri-id=\"726-c1\" class=\"style-464 style-local-726-c1 position-relative\">\n  <!---->\n  <div data-colibri-component=\"section\" data-colibri-id=\"726-c2\" id=\"custom\" class=\"h-section h-section-global-spacing d-flex align-items-lg-center align-items-md-center align-items-center style-465 style-local-726-c2 position-relative\">\n    <!---->\n    <!---->\n    <div class=\"h-section-grid-container h-section-boxed-container\">\n      <!---->\n      <div data-colibri-id=\"726-c3\" class=\"h-row-container gutters-row-lg-2 gutters-row-md-2 gutters-row-0 gutters-row-v-lg-2 gutters-row-v-md-2 gutters-row-v-2 style-466 style-local-726-c3 position-relative\">\n        <!---->\n        <div class=\"h-row justify-content-lg-center justify-content-md-center justify-content-center align-items-lg-stretch align-items-md-stretch align-items-stretch gutters-col-lg-2 gutters-col-md-2 gutters-col-0 gutters-col-v-lg-2 gutters-col-v-md-2 gutters-col-v-2\">\n          <!---->\n          <div class=\"h-column h-column-container d-flex h-col-lg-auto h-col-md-auto h-col-auto style-467-outer style-local-726-c4-outer\">\n            <div data-colibri-id=\"726-c4\" class=\"d-flex h-flex-basis h-column__inner h-px-lg-2 h-px-md-2 h-px-2 v-inner-lg-2 v-inner-md-2 v-inner-2 style-467 style-local-726-c4 position-relative\">\n              <!---->\n              <!---->\n              <div class=\"w-100 h-y-container h-column__content h-column__v-align flex-basis-100 align-self-lg-start align-self-md-start align-self-start\">\n                <!---->\n                <div data-colibri-id=\"726-c6\" class=\"d-block style-540 style-local-726-c6 position-relative h-element\">\n                  <!---->\n                  <div class=\"h-image__frame-container-outer\">\n                    <a href=\"https:\/\/dog-college-mallorca.com\/en\/home\/\" h-use-smooth-scroll=\"true\" class=\"image-link\">\n                      <div class=\"h-image__frame-container\">\n                        <!---->\n                        <!---->\n                        <img decoding=\"async\" src=\"https:\/\/dog-college-mallorca.com\/wp-content\/uploads\/2024\/12\/cropped-cropped-logodcm-300x300.png\" class=\"style-540-image style-local-726-c6-image\">\n                        <div class=\"h-image__frame h-hide-lg h-hide-md h-hide-sm style-540-frameImage style-local-726-c6-frameImage\"><\/div>\n                      <\/div>\n                    <\/a>\n                  <\/div>\n                <\/div>\n                <div data-colibri-id=\"726-c5\" class=\"h-text h-text-component style-468 style-local-726-c5 position-relative h-element\">\n                  <!---->\n                  <!---->\n                  <div class=\"\">\n                    <p><span style=\"font-size: 189%;\">Aviso Legal<\/span><\/p>\n                    <p>En cumplimiento con el deber de informaci\u00f3n recogido en art\u00edculo 10 de la Ley 34\/2002, de 11 de julio, de Servicios de la Sociedad de la Informaci\u00f3n y del Comercio Electr\u00f3nico (LSSICE), el propietario de la web, te informa de lo siguiente:<\/p>\n                    <p>Denominaci\u00f3n social: Christiane Jung<\/p>\n                    <p>NIF: Y5324600E<\/p>\n                    <p>Domicilio: Appartado de Correos 20, 07240 Sant Joan (Illes Balears)<\/p>\n                    <p>Con los l\u00edmites establecidos en la ley, Christiane Jung no asume ninguna responsabilidad derivada de la falta de veracidad, integridad, actualizaci\u00f3n y precisi\u00f3n de los datos o informaciones que contiene su p\u00e1gina web.<\/p>\n                    <p>Los contenidos e informaci\u00f3n no vinculan a Christiane Jung ni constituyen opiniones, consejos o asesoramiento legal de ning\u00fan tipo pues se trata meramente de un servicio ofrecido con car\u00e1cter informativo y divulgativo. Las p\u00e1ginas\n                      de Internet de Christiane Jung pueden contener enlaces (links) a otras p\u00e1ginas de terceras partes que Christiane Jung no puede controlar. Por lo tanto, Christiane Jung no puede asumir responsabilidades por el contenido que pueda\n                      aparecer en p\u00e1ginas de terceros.<\/p>\n                    <p>Los textos, im\u00e1genes, sonidos, animaciones, software y el resto de contenidos incluidos en esta p\u00e1gina web son propiedad exclusiva de Christiane Jung o sus licenciantes. Cualquier acto de transmisi\u00f3n, distribuci\u00f3n, cesi\u00f3n, reproducci\u00f3n,\n                      almacenamiento o comunicaci\u00f3n p\u00fablica total o parcial, deber\u00e1 contar con el consentimiento expreso de Christiane Jung.<\/p>\n                    <p>Asimismo, para acceder a algunos de los servicios que Christiane Jung ofrece a trav\u00e9s del sitio web, deber\u00e1 proporcionar algunos datos de car\u00e1cter personal. En cumplimiento de lo establecido en el Reglamento (UE) 2016\/679 del Parlamento\n                      Europeo y del Consejo, de 27 de abril de 2016, relativo a la protecci\u00f3n de las personas f\u00edsicas en lo que respecta al tratamiento de datos personales y a la libre circulaci\u00f3n de estos datos le informamos que, mediante la cumplimentaci\u00f3n\n                      de los presentes formularios, sus datos personales quedar\u00e1n incorporados y ser\u00e1n tratados en los ficheros de Christiane Jung con el fin de poderte prestar y ofrecer nuestros servicios as\u00ed como para informarte de las mejoras del sitio\n                      Web.<\/p>\n                    <p>Te informamos tambi\u00e9n de que tendr\u00e1s la posibilidad en todo momento de ejercer los derechos de acceso, rectificaci\u00f3n, cancelaci\u00f3n, oposici\u00f3n, limitaci\u00f3n y portabilidad de tus datos de car\u00e1cter personal, de manera gratuita mediante\n                      email a: chrisjung@icloud.com o en la direcci\u00f3n: Appartado de Correos 20, 07240 Sant Joan (Illes Balears).<\/p>\n                  <\/div>\n                <\/div>\n              <\/div>\n            <\/div>\n          <\/div>\n        <\/div>\n      <\/div>\n    <\/div>\n  <\/div>\n<\/div>","protected":false},"excerpt":{"rendered":"<p>Aviso Legal En cumplimiento con el deber de informaci\u00f3n recogido en art\u00edculo 10 de la Ley 34\/2002, de 11 de julio, de Servicios de la Sociedad de la Informaci\u00f3n y del Comercio Electr\u00f3nico (LSSICE), el propietario de la web, te informa de lo siguiente: Denominaci\u00f3n social: Christiane Jung NIF: Y5324600E Domicilio: Appartado de Correos 20, [&hellip;]<\/p>\n","protected":false},"author":1,"featured_media":0,"parent":0,"menu_order":0,"comment_status":"closed","ping_status":"closed","template":"page-templates\/full-width-page.php","meta":{"footnotes":""},"class_list":["post-726","page","type-page","status-publish","hentry"],"yoast_head":"<!-- This site is optimized with the Yoast SEO plugin v27.4 - https:\/\/yoast.com\/product\/yoast-seo-wordpress\/ -->\n<title>Dog College Mallorca<\/title>\n<meta name=\"description\" content=\"Bienvenido im Dog College Mallorca, der ersten canis-Hundeschule auf der sch\u00f6nsten aller Inseln.\" \/>\n<meta name=\"robots\" content=\"index, follow, max-snippet:-1, max-image-preview:large, max-video-preview:-1\" \/>\n<link rel=\"canonical\" href=\"https:\/\/dog-college-mallorca.com\/en\/avisolegal\/\" \/>\n<meta property=\"og:locale\" content=\"en_GB\" \/>\n<meta property=\"og:type\" content=\"article\" \/>\n<meta property=\"og:title\" content=\"Dog College Mallorca\" \/>\n<meta property=\"og:description\" content=\"Bienvenido im Dog College Mallorca, der ersten canis-Hundeschule auf der sch\u00f6nsten aller Inseln.\" \/>\n<meta property=\"og:url\" content=\"https:\/\/dog-college-mallorca.com\/en\/avisolegal\/\" \/>\n<meta property=\"og:site_name\" content=\"Dog College Mallorca\" \/>\n<meta property=\"article:modified_time\" content=\"2024-12-28T13:01:13+00:00\" \/>\n<meta property=\"og:image\" content=\"https:\/\/dog-college-mallorca.com\/wp-content\/uploads\/2024\/12\/cropped-cropped-logodcm-300x300.png\" \/>\n<meta name=\"twitter:card\" content=\"summary_large_image\" \/>\n<script type=\"application\/ld+json\" class=\"yoast-schema-graph\">{\"@context\":\"https:\\\/\\\/schema.org\",\"@graph\":[{\"@type\":\"WebPage\",\"@id\":\"https:\\\/\\\/dog-college-mallorca.com\\\/avisolegal\\\/\",\"url\":\"https:\\\/\\\/dog-college-mallorca.com\\\/avisolegal\\\/\",\"name\":\"Dog College Mallorca\",\"isPartOf\":{\"@id\":\"https:\\\/\\\/dog-college-mallorca.com\\\/#website\"},\"primaryImageOfPage\":{\"@id\":\"https:\\\/\\\/dog-college-mallorca.com\\\/avisolegal\\\/#primaryimage\"},\"image\":{\"@id\":\"https:\\\/\\\/dog-college-mallorca.com\\\/avisolegal\\\/#primaryimage\"},\"thumbnailUrl\":\"https:\\\/\\\/dog-college-mallorca.com\\\/wp-content\\\/uploads\\\/2024\\\/12\\\/cropped-cropped-logodcm-300x300.png\",\"datePublished\":\"2024-12-27T19:23:16+00:00\",\"dateModified\":\"2024-12-28T13:01:13+00:00\",\"description\":\"Bienvenido im Dog College Mallorca, der ersten canis-Hundeschule auf der sch\u00f6nsten aller Inseln.\",\"breadcrumb\":{\"@id\":\"https:\\\/\\\/dog-college-mallorca.com\\\/avisolegal\\\/#breadcrumb\"},\"inLanguage\":\"en-GB\",\"potentialAction\":[{\"@type\":\"ReadAction\",\"target\":[\"https:\\\/\\\/dog-college-mallorca.com\\\/avisolegal\\\/\"]}]},{\"@type\":\"ImageObject\",\"inLanguage\":\"en-GB\",\"@id\":\"https:\\\/\\\/dog-college-mallorca.com\\\/avisolegal\\\/#primaryimage\",\"url\":\"https:\\\/\\\/dog-college-mallorca.com\\\/wp-content\\\/uploads\\\/2024\\\/12\\\/cropped-cropped-logodcm-300x300.png\",\"contentUrl\":\"https:\\\/\\\/dog-college-mallorca.com\\\/wp-content\\\/uploads\\\/2024\\\/12\\\/cropped-cropped-logodcm-300x300.png\"},{\"@type\":\"BreadcrumbList\",\"@id\":\"https:\\\/\\\/dog-college-mallorca.com\\\/avisolegal\\\/#breadcrumb\",\"itemListElement\":[{\"@type\":\"ListItem\",\"position\":1,\"name\":\"Startseite\",\"item\":\"https:\\\/\\\/dog-college-mallorca.com\\\/\"},{\"@type\":\"ListItem\",\"position\":2,\"name\":\"avisolegal\"}]},{\"@type\":\"WebSite\",\"@id\":\"https:\\\/\\\/dog-college-mallorca.com\\\/#website\",\"url\":\"https:\\\/\\\/dog-college-mallorca.com\\\/\",\"name\":\"Dog College Mallorca\",\"description\":\"Christiane Jung\",\"alternateName\":\"Hundeschule\",\"potentialAction\":[{\"@type\":\"SearchAction\",\"target\":{\"@type\":\"EntryPoint\",\"urlTemplate\":\"https:\\\/\\\/dog-college-mallorca.com\\\/?s={search_term_string}\"},\"query-input\":{\"@type\":\"PropertyValueSpecification\",\"valueRequired\":true,\"valueName\":\"search_term_string\"}}],\"inLanguage\":\"en-GB\"}]}<\/script>\n<!-- \/ Yoast SEO plugin. -->","yoast_head_json":{"title":"Dog College Mallorca","description":"Bienvenido im Dog College Mallorca, der ersten canis-Hundeschule auf der sch\u00f6nsten aller Inseln.","robots":{"index":"index","follow":"follow","max-snippet":"max-snippet:-1","max-image-preview":"max-image-preview:large","max-video-preview":"max-video-preview:-1"},"canonical":"https:\/\/dog-college-mallorca.com\/en\/avisolegal\/","og_locale":"en_GB","og_type":"article","og_title":"Dog College Mallorca","og_description":"Bienvenido im Dog College Mallorca, der ersten canis-Hundeschule auf der sch\u00f6nsten aller Inseln.","og_url":"https:\/\/dog-college-mallorca.com\/en\/avisolegal\/","og_site_name":"Dog College Mallorca","article_modified_time":"2024-12-28T13:01:13+00:00","og_image":[{"url":"https:\/\/dog-college-mallorca.com\/wp-content\/uploads\/2024\/12\/cropped-cropped-logodcm-300x300.png","type":"","width":"","height":""}],"twitter_card":"summary_large_image","schema":{"@context":"https:\/\/schema.org","@graph":[{"@type":"WebPage","@id":"https:\/\/dog-college-mallorca.com\/avisolegal\/","url":"https:\/\/dog-college-mallorca.com\/avisolegal\/","name":"Dog College Mallorca","isPartOf":{"@id":"https:\/\/dog-college-mallorca.com\/#website"},"primaryImageOfPage":{"@id":"https:\/\/dog-college-mallorca.com\/avisolegal\/#primaryimage"},"image":{"@id":"https:\/\/dog-college-mallorca.com\/avisolegal\/#primaryimage"},"thumbnailUrl":"https:\/\/dog-college-mallorca.com\/wp-content\/uploads\/2024\/12\/cropped-cropped-logodcm-300x300.png","datePublished":"2024-12-27T19:23:16+00:00","dateModified":"2024-12-28T13:01:13+00:00","description":"Bienvenido im Dog College Mallorca, der ersten canis-Hundeschule auf der sch\u00f6nsten aller Inseln.","breadcrumb":{"@id":"https:\/\/dog-college-mallorca.com\/avisolegal\/#breadcrumb"},"inLanguage":"en-GB","potentialAction":[{"@type":"ReadAction","target":["https:\/\/dog-college-mallorca.com\/avisolegal\/"]}]},{"@type":"ImageObject","inLanguage":"en-GB","@id":"https:\/\/dog-college-mallorca.com\/avisolegal\/#primaryimage","url":"https:\/\/dog-college-mallorca.com\/wp-content\/uploads\/2024\/12\/cropped-cropped-logodcm-300x300.png","contentUrl":"https:\/\/dog-college-mallorca.com\/wp-content\/uploads\/2024\/12\/cropped-cropped-logodcm-300x300.png"},{"@type":"BreadcrumbList","@id":"https:\/\/dog-college-mallorca.com\/avisolegal\/#breadcrumb","itemListElement":[{"@type":"ListItem","position":1,"name":"Startseite","item":"https:\/\/dog-college-mallorca.com\/"},{"@type":"ListItem","position":2,"name":"avisolegal"}]},{"@type":"WebSite","@id":"https:\/\/dog-college-mallorca.com\/#website","url":"https:\/\/dog-college-mallorca.com\/","name":"Dog College Mallorca","description":"Christiane Jung","alternateName":"Hundeschule","potentialAction":[{"@type":"SearchAction","target":{"@type":"EntryPoint","urlTemplate":"https:\/\/dog-college-mallorca.com\/?s={search_term_string}"},"query-input":{"@type":"PropertyValueSpecification","valueRequired":true,"valueName":"search_term_string"}}],"inLanguage":"en-GB"}]}},"_links":{"self":[{"href":"https:\/\/dog-college-mallorca.com\/en\/wp-json\/wp\/v2\/pages\/726","targetHints":{"allow":["GET"]}}],"collection":[{"href":"https:\/\/dog-college-mallorca.com\/en\/wp-json\/wp\/v2\/pages"}],"about":[{"href":"https:\/\/dog-college-mallorca.com\/en\/wp-json\/wp\/v2\/types\/page"}],"author":[{"embeddable":true,"href":"https:\/\/dog-college-mallorca.com\/en\/wp-json\/wp\/v2\/users\/1"}],"replies":[{"embeddable":true,"href":"https:\/\/dog-college-mallorca.com\/en\/wp-json\/wp\/v2\/comments?post=726"}],"version-history":[{"count":0,"href":"https:\/\/dog-college-mallorca.com\/en\/wp-json\/wp\/v2\/pages\/726\/revisions"}],"wp:attachment":[{"href":"https:\/\/dog-college-mallorca.com\/en\/wp-json\/wp\/v2\/media?parent=726"}],"curies":[{"name":"wp","href":"https:\/\/api.w.org\/{rel}","templated":true}]}}