{"id":53,"date":"2024-03-18T17:43:19","date_gmt":"2024-03-18T16:43:19","guid":{"rendered":"https:\/\/dog-college-mallorca.com\/?page_id=53"},"modified":"2025-02-17T09:58:21","modified_gmt":"2025-02-17T08:58:21","slug":"impressum","status":"publish","type":"page","link":"https:\/\/dog-college-mallorca.com\/en\/impressum\/","title":{"rendered":"Imprint"},"content":{"rendered":"<div data-colibri-id=\"53-c1\" class=\"style-454 style-local-53-c1 position-relative\">\n  <!---->\n  <div data-colibri-component=\"section\" data-colibri-id=\"53-c2\" id=\"custom\" class=\"h-section h-section-global-spacing d-flex align-items-lg-center align-items-md-center align-items-center style-455 style-local-53-c2 position-relative\">\n    <!---->\n    <!---->\n    <div class=\"h-section-grid-container h-section-boxed-container\">\n      <!---->\n      <div data-colibri-id=\"53-c3\" class=\"h-row-container gutters-row-lg-2 gutters-row-md-2 gutters-row-0 gutters-row-v-lg-2 gutters-row-v-md-2 gutters-row-v-2 style-456 style-local-53-c3 position-relative\">\n        <!---->\n        <div class=\"h-row justify-content-lg-center justify-content-md-center justify-content-center align-items-lg-stretch align-items-md-stretch align-items-stretch gutters-col-lg-2 gutters-col-md-2 gutters-col-0 gutters-col-v-lg-2 gutters-col-v-md-2 gutters-col-v-2\">\n          <!---->\n          <div class=\"h-column h-column-container d-flex h-col-lg-auto h-col-md-auto h-col-auto style-457-outer style-local-53-c4-outer\">\n            <div data-colibri-id=\"53-c4\" class=\"d-flex h-flex-basis h-column__inner h-px-lg-2 h-px-md-2 h-px-2 v-inner-lg-2 v-inner-md-2 v-inner-2 style-457 style-local-53-c4 position-relative\">\n              <!---->\n              <!---->\n              <div class=\"w-100 h-y-container h-column__content h-column__v-align flex-basis-100 align-self-lg-start align-self-md-start align-self-start\">\n                <!---->\n                <div data-colibri-id=\"53-c5\" class=\"d-block style-538 style-local-53-c5 position-relative h-element\">\n                  <!---->\n                  <div class=\"h-image__frame-container-outer\">\n                    <a href=\"https:\/\/dog-college-mallorca.com\/en\/home\/\" h-use-smooth-scroll=\"true\" class=\"image-link\">\n                      <div class=\"h-image__frame-container\">\n                        <!---->\n                        <!---->\n                        <img decoding=\"async\" src=\"https:\/\/dog-college-mallorca.com\/wp-content\/uploads\/2024\/12\/cropped-cropped-logodcm-300x300.png\" class=\"style-538-image style-local-53-c5-image\">\n                        <div class=\"h-image__frame h-hide-lg h-hide-md h-hide-sm style-538-frameImage style-local-53-c5-frameImage\"><\/div>\n                      <\/div>\n                    <\/a>\n                  <\/div>\n                <\/div>\n                <div data-colibri-id=\"53-c6\" class=\"h-text h-text-component style-458 style-local-53-c6 position-relative h-element\">\n                  <!---->\n                  <!---->\n                  <div class=\"\">\n                    <p><span style=\"font-size: 189%;\">Imprint<\/span><\/p>\n                    <p>\n                      <br>\n                    <\/p>\n                    <p><span style=\"font-weight: 400;\">Responsible for content:<\/span>\n                      <br>Christiane Jung\n                      <br>Appartado de Correos 20\n                      <br>07240 Sant Joan, Baleares<\/p>\n                    <p>\n                      <br>\n                    <\/p>\n                    <p><span style=\"font-weight: 400;\">Contact us<\/span>\n                      <br>Phone: +4915150680541\n                      <br>e-mail: chrisjung@icloud.com<\/p>\n                    <p>NIF Y5324600E<\/p>\n                    <p>\n                      <br>\n                    <\/p>\n                    <p><span style=\"font-weight: 400;\">EU dispute resolution<\/span>\n                      <br>The European Commission provides a platform for online dispute resolution (OS):\n                      <a href=\"https:\/\/ec.europa.eu\/consumers\/odr\" target=\"_blank\" style=\"color: rgb(0, 0, 0);\" class=\"customize-unpreviewable\">https:\/\/ec.europa.eu\/consumers\/odr\/<\/a>.\n                      <br>You can find our e-mail address in the legal notice above.<\/p>\n                    <p><span style=\"font-weight: 400;\">Consumer dispute resolution\/universal arbitration centre<\/span>\n                      <br>We are not willing or obliged to participate in dispute resolution proceedings before a consumer arbitration board.<\/p>\n                    <p><span style=\"font-weight: 400;\">Haftung f\u00fcr Inhalte<\/span>\n                      <br>Als Diensteanbieter sind wir gem\u00e4\u00df \u00a7 7 Abs.1 TMG f\u00fcr eigene Inhalte auf diesen Seiten nach den allgemeinen Gesetzen verantwortlich. Nach \u00a7\u00a7 8 bis 10 TMG sind wir als Diensteanbieter jedoch nicht verpflichtet, \u00fcbermittelte oder gespeicherte\n                      fremde Informationen zu \u00fcberwachen oder nach Umst\u00e4nden zu forschen, die auf eine rechtswidrige T\u00e4tigkeit hinweisen. Verpflichtungen zur Entfernung oder Sperrung der Nutzung von Informationen nach den allgemeinen Gesetzen bleiben\n                      hiervon unber\u00fchrt. Eine diesbez\u00fcgliche Haftung ist jedoch erst ab dem Zeitpunkt der Kenntnis einer konkreten Rechtsverletzung m\u00f6glich. Bei Bekanntwerden von entsprechenden Rechtsverletzungen werden wir diese Inhalte umgehend entfernen.<\/p>\n                    <p><span style=\"font-weight: 400;\">Haftung f\u00fcr Links<\/span>\n                      <br>Unser Angebot enth\u00e4lt Links zu externen Websites Dritter, auf deren Inhalte wir keinen Einfluss haben. Deshalb k\u00f6nnen wir f\u00fcr diese fremden Inhalte auch keine Gew\u00e4hr \u00fcbernehmen. F\u00fcr die Inhalte der verlinkten Seiten ist stets der\n                      jeweilige Anbieter oder Betreiber der Seiten verantwortlich. Die verlinkten Seiten wurden zum Zeitpunkt der Verlinkung auf m\u00f6gliche Rechtsverst\u00f6\u00dfe \u00fcberpr\u00fcft. Rechtswidrige Inhalte waren zum Zeitpunkt der Verlinkung nicht erkennbar.\n                      Eine permanente inhaltliche Kontrolle der verlinkten Seiten ist jedoch ohne konkrete Anhaltspunkte einer Rechtsverletzung nicht zumutbar. Bei Bekanntwerden von Rechtsverletzungen werden wir derartige Links umgehend entfernen.<\/p>\n                    <p><span style=\"font-weight: 400;\">Urheberrecht<\/span>\n                      <br>Die durch die Seitenbetreiber erstellten Inhalte und Werke auf diesen Seiten unterliegen dem deutschen Urheberrecht. Die Vervielf\u00e4ltigung, Bearbeitung, Verbreitung und jede Art der Verwertung au\u00dferhalb der Grenzen des Urheberrechtes\n                      bed\u00fcrfen der schriftlichen Zustimmung des jeweiligen Autors bzw. Erstellers. Downloads und Kopien dieser Seite sind nur f\u00fcr den privaten, nicht kommerziellen Gebrauch gestattet. Soweit die Inhalte auf dieser Seite nicht vom Betreiber\n                      erstellt wurden, werden die Urheberrechte Dritter beachtet. Insbesondere werden Inhalte Dritter als solche gekennzeichnet. Sollten Sie trotzdem auf eine Urheberrechtsverletzung aufmerksam werden, bitten wir um einen entsprechenden\n                      Hinweis. Bei Bekanntwerden von Rechtsverletzungen werden wir derartige Inhalte umgehend entfernen.<\/p>\n                    <p>Quelle:\n                      <a href=\"https:\/\/www.e-recht24.de\" target=\"_blank\" class=\"customize-unpreviewable\" style=\"color: rgb(0, 0, 0);\">e-recht24.de<\/a>\n                    <\/p>\n                  <\/div>\n                <\/div>\n              <\/div>\n            <\/div>\n          <\/div>\n        <\/div>\n      <\/div>\n    <\/div>\n  <\/div>\n<\/div>","protected":false},"excerpt":{"rendered":"<p>Impressum Inhaltlich verantwortlich: Christiane Jung Appartado de Correos 20 07240 Sant Joan, Baleares Kontakt Telefon: +4915150680541 E-Mail: chrisjung@icloud.com NIF Y5324600E EU-Streitschlichtung Die Europ\u00e4ische Kommission stellt eine Plattform zur Online-Streitbeilegung (OS) bereit: https:\/\/ec.europa.eu\/consumers\/odr\/. Unsere E-Mail-Adresse finden Sie oben im Impressum. Verbraucher\u00adstreit\u00adbeilegung\/Universal\u00adschlichtungs\u00adstelle Wir sind nicht bereit oder verpflichtet, an Streitbeilegungsverfahren vor einer Verbraucherschlichtungsstelle teilzunehmen. Haftung f\u00fcr Inhalte [&hellip;]<\/p>\n","protected":false},"author":1,"featured_media":0,"parent":0,"menu_order":0,"comment_status":"closed","ping_status":"closed","template":"page-templates\/full-width-page.php","meta":{"footnotes":""},"class_list":["post-53","page","type-page","status-publish","hentry"],"yoast_head":"<!-- This site is optimized with the Yoast SEO plugin v27.4 - https:\/\/yoast.com\/product\/yoast-seo-wordpress\/ -->\n<title>Dog College Mallorca<\/title>\n<meta name=\"description\" content=\"Bienvenido im Dog College Mallorca, der ersten canis-Hundeschule auf der sch\u00f6nsten aller Inseln.\" \/>\n<meta name=\"robots\" content=\"index, follow, max-snippet:-1, max-image-preview:large, max-video-preview:-1\" \/>\n<link rel=\"canonical\" href=\"https:\/\/dog-college-mallorca.com\/en\/impressum\/\" \/>\n<meta property=\"og:locale\" content=\"en_GB\" \/>\n<meta property=\"og:type\" content=\"article\" \/>\n<meta property=\"og:title\" content=\"Dog College Mallorca\" \/>\n<meta property=\"og:description\" content=\"Bienvenido im Dog College Mallorca, der ersten canis-Hundeschule auf der sch\u00f6nsten aller Inseln.\" \/>\n<meta property=\"og:url\" content=\"https:\/\/dog-college-mallorca.com\/en\/impressum\/\" \/>\n<meta property=\"og:site_name\" content=\"Dog College Mallorca\" \/>\n<meta property=\"article:modified_time\" content=\"2025-02-17T08:58:21+00:00\" \/>\n<meta property=\"og:image\" content=\"https:\/\/dog-college-mallorca.com\/wp-content\/uploads\/2024\/12\/cropped-cropped-logodcm-300x300.png\" \/>\n<meta name=\"twitter:card\" content=\"summary_large_image\" \/>\n<meta name=\"twitter:label1\" content=\"Estimated reading time\" \/>\n\t<meta name=\"twitter:data1\" content=\"2 minutes\" \/>\n<script type=\"application\/ld+json\" class=\"yoast-schema-graph\">{\"@context\":\"https:\\\/\\\/schema.org\",\"@graph\":[{\"@type\":\"WebPage\",\"@id\":\"https:\\\/\\\/dog-college-mallorca.com\\\/impressum\\\/\",\"url\":\"https:\\\/\\\/dog-college-mallorca.com\\\/impressum\\\/\",\"name\":\"Dog College Mallorca\",\"isPartOf\":{\"@id\":\"https:\\\/\\\/dog-college-mallorca.com\\\/#website\"},\"primaryImageOfPage\":{\"@id\":\"https:\\\/\\\/dog-college-mallorca.com\\\/impressum\\\/#primaryimage\"},\"image\":{\"@id\":\"https:\\\/\\\/dog-college-mallorca.com\\\/impressum\\\/#primaryimage\"},\"thumbnailUrl\":\"https:\\\/\\\/dog-college-mallorca.com\\\/wp-content\\\/uploads\\\/2024\\\/12\\\/cropped-cropped-logodcm-300x300.png\",\"datePublished\":\"2024-03-18T16:43:19+00:00\",\"dateModified\":\"2025-02-17T08:58:21+00:00\",\"description\":\"Bienvenido im Dog College Mallorca, der ersten canis-Hundeschule auf der sch\u00f6nsten aller Inseln.\",\"breadcrumb\":{\"@id\":\"https:\\\/\\\/dog-college-mallorca.com\\\/impressum\\\/#breadcrumb\"},\"inLanguage\":\"en-GB\",\"potentialAction\":[{\"@type\":\"ReadAction\",\"target\":[\"https:\\\/\\\/dog-college-mallorca.com\\\/impressum\\\/\"]}]},{\"@type\":\"ImageObject\",\"inLanguage\":\"en-GB\",\"@id\":\"https:\\\/\\\/dog-college-mallorca.com\\\/impressum\\\/#primaryimage\",\"url\":\"https:\\\/\\\/dog-college-mallorca.com\\\/wp-content\\\/uploads\\\/2024\\\/12\\\/cropped-cropped-logodcm-300x300.png\",\"contentUrl\":\"https:\\\/\\\/dog-college-mallorca.com\\\/wp-content\\\/uploads\\\/2024\\\/12\\\/cropped-cropped-logodcm-300x300.png\"},{\"@type\":\"BreadcrumbList\",\"@id\":\"https:\\\/\\\/dog-college-mallorca.com\\\/impressum\\\/#breadcrumb\",\"itemListElement\":[{\"@type\":\"ListItem\",\"position\":1,\"name\":\"Startseite\",\"item\":\"https:\\\/\\\/dog-college-mallorca.com\\\/\"},{\"@type\":\"ListItem\",\"position\":2,\"name\":\"Impressum\"}]},{\"@type\":\"WebSite\",\"@id\":\"https:\\\/\\\/dog-college-mallorca.com\\\/#website\",\"url\":\"https:\\\/\\\/dog-college-mallorca.com\\\/\",\"name\":\"Dog College Mallorca\",\"description\":\"Christiane Jung\",\"alternateName\":\"Hundeschule\",\"potentialAction\":[{\"@type\":\"SearchAction\",\"target\":{\"@type\":\"EntryPoint\",\"urlTemplate\":\"https:\\\/\\\/dog-college-mallorca.com\\\/?s={search_term_string}\"},\"query-input\":{\"@type\":\"PropertyValueSpecification\",\"valueRequired\":true,\"valueName\":\"search_term_string\"}}],\"inLanguage\":\"en-GB\"}]}<\/script>\n<!-- \/ Yoast SEO plugin. -->","yoast_head_json":{"title":"Dog College Mallorca","description":"Bienvenido im Dog College Mallorca, der ersten canis-Hundeschule auf der sch\u00f6nsten aller Inseln.","robots":{"index":"index","follow":"follow","max-snippet":"max-snippet:-1","max-image-preview":"max-image-preview:large","max-video-preview":"max-video-preview:-1"},"canonical":"https:\/\/dog-college-mallorca.com\/en\/impressum\/","og_locale":"en_GB","og_type":"article","og_title":"Dog College Mallorca","og_description":"Bienvenido im Dog College Mallorca, der ersten canis-Hundeschule auf der sch\u00f6nsten aller Inseln.","og_url":"https:\/\/dog-college-mallorca.com\/en\/impressum\/","og_site_name":"Dog College Mallorca","article_modified_time":"2025-02-17T08:58:21+00:00","og_image":[{"url":"https:\/\/dog-college-mallorca.com\/wp-content\/uploads\/2024\/12\/cropped-cropped-logodcm-300x300.png","type":"","width":"","height":""}],"twitter_card":"summary_large_image","twitter_misc":{"Estimated reading time":"2 minutes"},"schema":{"@context":"https:\/\/schema.org","@graph":[{"@type":"WebPage","@id":"https:\/\/dog-college-mallorca.com\/impressum\/","url":"https:\/\/dog-college-mallorca.com\/impressum\/","name":"Dog College Mallorca","isPartOf":{"@id":"https:\/\/dog-college-mallorca.com\/#website"},"primaryImageOfPage":{"@id":"https:\/\/dog-college-mallorca.com\/impressum\/#primaryimage"},"image":{"@id":"https:\/\/dog-college-mallorca.com\/impressum\/#primaryimage"},"thumbnailUrl":"https:\/\/dog-college-mallorca.com\/wp-content\/uploads\/2024\/12\/cropped-cropped-logodcm-300x300.png","datePublished":"2024-03-18T16:43:19+00:00","dateModified":"2025-02-17T08:58:21+00:00","description":"Bienvenido im Dog College Mallorca, der ersten canis-Hundeschule auf der sch\u00f6nsten aller Inseln.","breadcrumb":{"@id":"https:\/\/dog-college-mallorca.com\/impressum\/#breadcrumb"},"inLanguage":"en-GB","potentialAction":[{"@type":"ReadAction","target":["https:\/\/dog-college-mallorca.com\/impressum\/"]}]},{"@type":"ImageObject","inLanguage":"en-GB","@id":"https:\/\/dog-college-mallorca.com\/impressum\/#primaryimage","url":"https:\/\/dog-college-mallorca.com\/wp-content\/uploads\/2024\/12\/cropped-cropped-logodcm-300x300.png","contentUrl":"https:\/\/dog-college-mallorca.com\/wp-content\/uploads\/2024\/12\/cropped-cropped-logodcm-300x300.png"},{"@type":"BreadcrumbList","@id":"https:\/\/dog-college-mallorca.com\/impressum\/#breadcrumb","itemListElement":[{"@type":"ListItem","position":1,"name":"Startseite","item":"https:\/\/dog-college-mallorca.com\/"},{"@type":"ListItem","position":2,"name":"Impressum"}]},{"@type":"WebSite","@id":"https:\/\/dog-college-mallorca.com\/#website","url":"https:\/\/dog-college-mallorca.com\/","name":"Dog College Mallorca","description":"Christiane Jung","alternateName":"Hundeschule","potentialAction":[{"@type":"SearchAction","target":{"@type":"EntryPoint","urlTemplate":"https:\/\/dog-college-mallorca.com\/?s={search_term_string}"},"query-input":{"@type":"PropertyValueSpecification","valueRequired":true,"valueName":"search_term_string"}}],"inLanguage":"en-GB"}]}},"_links":{"self":[{"href":"https:\/\/dog-college-mallorca.com\/en\/wp-json\/wp\/v2\/pages\/53","targetHints":{"allow":["GET"]}}],"collection":[{"href":"https:\/\/dog-college-mallorca.com\/en\/wp-json\/wp\/v2\/pages"}],"about":[{"href":"https:\/\/dog-college-mallorca.com\/en\/wp-json\/wp\/v2\/types\/page"}],"author":[{"embeddable":true,"href":"https:\/\/dog-college-mallorca.com\/en\/wp-json\/wp\/v2\/users\/1"}],"replies":[{"embeddable":true,"href":"https:\/\/dog-college-mallorca.com\/en\/wp-json\/wp\/v2\/comments?post=53"}],"version-history":[{"count":1,"href":"https:\/\/dog-college-mallorca.com\/en\/wp-json\/wp\/v2\/pages\/53\/revisions"}],"predecessor-version":[{"id":1125,"href":"https:\/\/dog-college-mallorca.com\/en\/wp-json\/wp\/v2\/pages\/53\/revisions\/1125"}],"wp:attachment":[{"href":"https:\/\/dog-college-mallorca.com\/en\/wp-json\/wp\/v2\/media?parent=53"}],"curies":[{"name":"wp","href":"https:\/\/api.w.org\/{rel}","templated":true}]}}